{"id":5,"date":"2024-06-21T10:44:14","date_gmt":"2024-06-21T08:44:14","guid":{"rendered":"https:\/\/louisbarabe.fr\/?page_id=5"},"modified":"2024-06-21T10:44:14","modified_gmt":"2024-06-21T08:44:14","slug":"projets","status":"publish","type":"page","link":"https:\/\/louisbarabe.fr\/?page_id=5","title":{"rendered":"Projets"},"content":{"rendered":"\n<h3 class=\"wp-block-heading\">Le Tour de la Presqu&#8217;\u00eele<\/h3>\n\n\n\n<p>Le Tour de la Presqu&#8217;\u00eele est une course \u00e0 pied qui permet de d\u00e9couvrir la presqu&#8217;\u00eele de Crozon en parcourant toute la c\u00f4te. C&#8217;est une course divis\u00e9e en 3 \u00e9tapes, r\u00e9parties sur 3 jours, dont chacune est le tour d&#8217;une des Presqu&#8217;\u00eele (Roscanvel, Camaret et Crozon). <\/p>\n\n\n\n<figure class=\"wp-block-image size-large\"><img loading=\"lazy\" decoding=\"async\" width=\"1024\" height=\"576\" src=\"https:\/\/louisbarabe.fr\/wp-content\/uploads\/2024\/06\/PERSO-le-Tour-Cover-1024x576.png\" alt=\"\" class=\"wp-image-7\" srcset=\"https:\/\/louisbarabe.fr\/wp-content\/uploads\/2024\/06\/PERSO-le-Tour-Cover-1024x576.png 1024w, https:\/\/louisbarabe.fr\/wp-content\/uploads\/2024\/06\/PERSO-le-Tour-Cover-300x169.png 300w, https:\/\/louisbarabe.fr\/wp-content\/uploads\/2024\/06\/PERSO-le-Tour-Cover-768x432.png 768w, https:\/\/louisbarabe.fr\/wp-content\/uploads\/2024\/06\/PERSO-le-Tour-Cover-1536x864.png 1536w, https:\/\/louisbarabe.fr\/wp-content\/uploads\/2024\/06\/PERSO-le-Tour-Cover.png 1920w\" sizes=\"auto, (max-width: 1024px) 100vw, 1024px\" \/><\/figure>\n","protected":false},"excerpt":{"rendered":"<p>Le Tour de la Presqu&#8217;\u00eele Le Tour de la Presqu&#8217;\u00eele est une course \u00e0 pied qui permet de d\u00e9couvrir la presqu&#8217;\u00eele de Crozon en parcourant toute la c\u00f4te. C&#8217;est une course divis\u00e9e en 3 \u00e9tapes, r\u00e9parties sur 3 jours, dont &hellip;<\/p>\n<p class=\"read-more\"> <a class=\"more-link\" href=\"https:\/\/louisbarabe.fr\/?page_id=5\"> <span class=\"screen-reader-text\">Projets<\/span> Read More &raquo;<\/a><\/p>\n","protected":false},"author":1,"featured_media":0,"parent":0,"menu_order":0,"comment_status":"closed","ping_status":"closed","template":"","meta":{"footnotes":""},"class_list":["post-5","page","type-page","status-publish","hentry"],"_links":{"self":[{"href":"https:\/\/louisbarabe.fr\/index.php?rest_route=\/wp\/v2\/pages\/5","targetHints":{"allow":["GET"]}}],"collection":[{"href":"https:\/\/louisbarabe.fr\/index.php?rest_route=\/wp\/v2\/pages"}],"about":[{"href":"https:\/\/louisbarabe.fr\/index.php?rest_route=\/wp\/v2\/types\/page"}],"author":[{"embeddable":true,"href":"https:\/\/louisbarabe.fr\/index.php?rest_route=\/wp\/v2\/users\/1"}],"replies":[{"embeddable":true,"href":"https:\/\/louisbarabe.fr\/index.php?rest_route=%2Fwp%2Fv2%2Fcomments&post=5"}],"version-history":[{"count":1,"href":"https:\/\/louisbarabe.fr\/index.php?rest_route=\/wp\/v2\/pages\/5\/revisions"}],"predecessor-version":[{"id":8,"href":"https:\/\/louisbarabe.fr\/index.php?rest_route=\/wp\/v2\/pages\/5\/revisions\/8"}],"wp:attachment":[{"href":"https:\/\/louisbarabe.fr\/index.php?rest_route=%2Fwp%2Fv2%2Fmedia&parent=5"}],"curies":[{"name":"wp","href":"https:\/\/api.w.org\/{rel}","templated":true}]}}